{"id":8542,"date":"2021-08-06T17:12:28","date_gmt":"2021-08-06T14:12:28","guid":{"rendered":"http:\/\/www.agteks.com\/tr\/?page_id=8542"},"modified":"2022-02-15T10:56:03","modified_gmt":"2022-02-15T07:56:03","slug":"kurulum","status":"publish","type":"page","link":"https:\/\/agteks.com\/tr\/kurulum\/","title":{"rendered":"Kurulum"},"content":{"rendered":"<section class=\"l-section wpb_row height_custom\"><div class=\"l-section-h i-cf\"><div class=\"g-cols via_flex valign_top type_default\"><div class=\"vc_col-sm-12 wpb_column vc_column_container\"><div class=\"vc_column-inner\"><div class=\"wpb_wrapper\"><form class=\"w-form  layout_ver for_cform us_form_1\" autocomplete=\"off\" action=\"https:\/\/agteks.com\/tr\/tr\/wp-json\/wp\/v2\/pages\/8542\" method=\"post\"><div class=\"w-form-h\"><div class=\"w-form-row for_text required\">\r\n\t\t<div class=\"w-form-row-field\">\r\n\t\t\t\t\t\t<input aria-label=\"Ad Soyad\" type=\"text\" name=\"us_form_1_text_1\" value placeholder=\"Ad Soyad *\" data-required=\"true\" aria-required=\"true\"\/>\r\n\t\t\t<\/div>\r\n\t\t<div class=\"w-form-row-state\">Fill out this field<\/div>\r\n<\/div>\r\n<div class=\"w-form-row for_email required\">\r\n\t\t<div class=\"w-form-row-field\">\r\n\t\t\t\t\t\t<input aria-label=\"E-Posta\" type=\"email\" name=\"us_form_1_email_1\" value placeholder=\"E-Posta *\" data-required=\"true\" aria-required=\"true\"\/>\r\n\t\t\t<\/div>\r\n\t\t<div class=\"w-form-row-state\">L\u00fctfen ge\u00e7erli bir e-posta adresi yaz\u0131n.<\/div>\r\n<\/div>\r\n<div class=\"w-form-row for_text\">\r\n\t\t<div class=\"w-form-row-field\">\r\n\t\t\t\t\t\t<input aria-label=\"Konu\" type=\"text\" name=\"us_form_1_text_2\" value placeholder=\"Konu\"\/>\r\n\t\t\t<\/div>\r\n\t\t<div class=\"w-form-row-state\">Fill out this field<\/div>\r\n<\/div>\r\n<div class=\"w-form-row for_textarea\">\r\n\t\t<div class=\"w-form-row-field\">\r\n\t\t\t\t\t\t<textarea aria-label=\"Mesaj\u0131n\u0131z\" name=\"us_form_1_textarea_1\" placeholder=\"Mesaj\u0131n\u0131z\"><\/textarea>\r\n\t\t\t<\/div>\r\n\t\t<div class=\"w-form-row-state\">Fill out this field<\/div>\r\n<\/div>\r\n<input type=\"hidden\" name=\"action\" value=\"us_ajax_cform\" \/>\r\n<input type=\"hidden\" name=\"post_id\" value=\"0\" \/>\r\n<input type=\"hidden\" name=\"form_index\" value=\"1\" \/>\r\n<div class=\"w-form-row for_submit align_none\">\r\n\t<div class=\"w-form-row-field\">\r\n\t\t<button class=\"w-btn  us-btn-style_1\" aria-label=\"G\u00f6nder\" type=\"submit\">\r\n\t\t\t<span class=\"g-preloader type_1\"><\/span>\r\n\t\t\t\t\t\t<span class=\"w-btn-label\">G\u00f6nder<\/span>\r\n\t\t\t\t\t<\/button>\r\n\t<\/div>\r\n<\/div>\r\n<\/div><div class=\"w-form-message\"><\/div><div class=\"w-form-json hidden\" onclick='return {&quot;ajaxurl&quot;:&quot;https:\\\/\\\/agteks.com\\\/tr\\\/wp-admin\\\/admin-ajax.php&quot;}'><\/div><\/form><\/div><\/div><\/div><\/div><\/div><\/section>\n","protected":false},"excerpt":{"rendered":"Fill out this field L\u00fctfen ge\u00e7erli bir e-posta adresi yaz\u0131n. Fill out this field Fill out this field G\u00f6nder","protected":false},"author":1,"featured_media":0,"parent":0,"menu_order":0,"comment_status":"closed","ping_status":"closed","template":"","meta":{"footnotes":""},"class_list":["post-8542","page","type-page","status-publish","hentry"],"acf":[],"yoast_head":"<!-- This site is optimized with the Yoast SEO plugin v18.1 - https:\/\/yoast.com\/wordpress\/plugins\/seo\/ -->\n<title>Kurulum | Agteks<\/title>\n<meta name=\"robots\" content=\"index, follow, max-snippet:-1, max-image-preview:large, max-video-preview:-1\" \/>\n<link rel=\"canonical\" href=\"https:\/\/agteks.com\/tr\/kurulum\/\" \/>\n<meta property=\"og:locale\" content=\"tr_TR\" \/>\n<meta property=\"og:type\" content=\"article\" \/>\n<meta property=\"og:title\" content=\"Kurulum | Agteks\" \/>\n<meta property=\"og:url\" content=\"https:\/\/agteks.com\/tr\/kurulum\/\" \/>\n<meta property=\"og:site_name\" content=\"Agteks\" \/>\n<meta property=\"article:modified_time\" content=\"2022-02-15T07:56:03+00:00\" \/>\n<meta name=\"twitter:card\" content=\"summary_large_image\" \/>\n<meta name=\"twitter:label1\" content=\"Tahmini okuma s\u00fcresi\" \/>\n\t<meta name=\"twitter:data1\" content=\"1 dakika\" \/>\n<script type=\"application\/ld+json\" class=\"yoast-schema-graph\">{\"@context\":\"https:\/\/schema.org\",\"@graph\":[{\"@type\":\"Organization\",\"@id\":\"https:\/\/agteks.com\/tr\/#organization\",\"name\":\"Agteks\",\"url\":\"https:\/\/agteks.com\/tr\/\",\"sameAs\":[],\"logo\":{\"@type\":\"ImageObject\",\"@id\":\"https:\/\/agteks.com\/tr\/#logo\",\"inLanguage\":\"tr\",\"url\":\"http:\/\/agteks.com\/tr\/wp-content\/uploads\/2021\/07\/logo.jpg\",\"contentUrl\":\"http:\/\/agteks.com\/tr\/wp-content\/uploads\/2021\/07\/logo.jpg\",\"width\":1000,\"height\":667,\"caption\":\"Agteks\"},\"image\":{\"@id\":\"https:\/\/agteks.com\/tr\/#logo\"}},{\"@type\":\"WebSite\",\"@id\":\"https:\/\/agteks.com\/tr\/#website\",\"url\":\"https:\/\/agteks.com\/tr\/\",\"name\":\"Agteks\",\"description\":\"\",\"publisher\":{\"@id\":\"https:\/\/agteks.com\/tr\/#organization\"},\"potentialAction\":[{\"@type\":\"SearchAction\",\"target\":{\"@type\":\"EntryPoint\",\"urlTemplate\":\"https:\/\/agteks.com\/tr\/?s={search_term_string}\"},\"query-input\":\"required name=search_term_string\"}],\"inLanguage\":\"tr\"},{\"@type\":\"WebPage\",\"@id\":\"https:\/\/agteks.com\/tr\/kurulum\/#webpage\",\"url\":\"https:\/\/agteks.com\/tr\/kurulum\/\",\"name\":\"Kurulum | Agteks\",\"isPartOf\":{\"@id\":\"https:\/\/agteks.com\/tr\/#website\"},\"datePublished\":\"2021-08-06T14:12:28+00:00\",\"dateModified\":\"2022-02-15T07:56:03+00:00\",\"breadcrumb\":{\"@id\":\"https:\/\/agteks.com\/tr\/kurulum\/#breadcrumb\"},\"inLanguage\":\"tr\",\"potentialAction\":[{\"@type\":\"ReadAction\",\"target\":[\"https:\/\/agteks.com\/tr\/kurulum\/\"]}]},{\"@type\":\"BreadcrumbList\",\"@id\":\"https:\/\/agteks.com\/tr\/kurulum\/#breadcrumb\",\"itemListElement\":[{\"@type\":\"ListItem\",\"position\":1,\"name\":\"Anasayfa\",\"item\":\"https:\/\/agteks.com\/tr\/\"},{\"@type\":\"ListItem\",\"position\":2,\"name\":\"Kurulum\"}]}]}<\/script>\n<!-- \/ Yoast SEO plugin. -->","yoast_head_json":{"title":"Kurulum | Agteks","robots":{"index":"index","follow":"follow","max-snippet":"max-snippet:-1","max-image-preview":"max-image-preview:large","max-video-preview":"max-video-preview:-1"},"canonical":"https:\/\/agteks.com\/tr\/kurulum\/","og_locale":"tr_TR","og_type":"article","og_title":"Kurulum | Agteks","og_url":"https:\/\/agteks.com\/tr\/kurulum\/","og_site_name":"Agteks","article_modified_time":"2022-02-15T07:56:03+00:00","twitter_card":"summary_large_image","twitter_misc":{"Tahmini okuma s\u00fcresi":"1 dakika"},"schema":{"@context":"https:\/\/schema.org","@graph":[{"@type":"Organization","@id":"https:\/\/agteks.com\/tr\/#organization","name":"Agteks","url":"https:\/\/agteks.com\/tr\/","sameAs":[],"logo":{"@type":"ImageObject","@id":"https:\/\/agteks.com\/tr\/#logo","inLanguage":"tr","url":"http:\/\/agteks.com\/tr\/wp-content\/uploads\/2021\/07\/logo.jpg","contentUrl":"http:\/\/agteks.com\/tr\/wp-content\/uploads\/2021\/07\/logo.jpg","width":1000,"height":667,"caption":"Agteks"},"image":{"@id":"https:\/\/agteks.com\/tr\/#logo"}},{"@type":"WebSite","@id":"https:\/\/agteks.com\/tr\/#website","url":"https:\/\/agteks.com\/tr\/","name":"Agteks","description":"","publisher":{"@id":"https:\/\/agteks.com\/tr\/#organization"},"potentialAction":[{"@type":"SearchAction","target":{"@type":"EntryPoint","urlTemplate":"https:\/\/agteks.com\/tr\/?s={search_term_string}"},"query-input":"required name=search_term_string"}],"inLanguage":"tr"},{"@type":"WebPage","@id":"https:\/\/agteks.com\/tr\/kurulum\/#webpage","url":"https:\/\/agteks.com\/tr\/kurulum\/","name":"Kurulum | Agteks","isPartOf":{"@id":"https:\/\/agteks.com\/tr\/#website"},"datePublished":"2021-08-06T14:12:28+00:00","dateModified":"2022-02-15T07:56:03+00:00","breadcrumb":{"@id":"https:\/\/agteks.com\/tr\/kurulum\/#breadcrumb"},"inLanguage":"tr","potentialAction":[{"@type":"ReadAction","target":["https:\/\/agteks.com\/tr\/kurulum\/"]}]},{"@type":"BreadcrumbList","@id":"https:\/\/agteks.com\/tr\/kurulum\/#breadcrumb","itemListElement":[{"@type":"ListItem","position":1,"name":"Anasayfa","item":"https:\/\/agteks.com\/tr\/"},{"@type":"ListItem","position":2,"name":"Kurulum"}]}]}},"_links":{"self":[{"href":"https:\/\/agteks.com\/tr\/wp-json\/wp\/v2\/pages\/8542","targetHints":{"allow":["GET"]}}],"collection":[{"href":"https:\/\/agteks.com\/tr\/wp-json\/wp\/v2\/pages"}],"about":[{"href":"https:\/\/agteks.com\/tr\/wp-json\/wp\/v2\/types\/page"}],"author":[{"embeddable":true,"href":"https:\/\/agteks.com\/tr\/wp-json\/wp\/v2\/users\/1"}],"replies":[{"embeddable":true,"href":"https:\/\/agteks.com\/tr\/wp-json\/wp\/v2\/comments?post=8542"}],"version-history":[{"count":6,"href":"https:\/\/agteks.com\/tr\/wp-json\/wp\/v2\/pages\/8542\/revisions"}],"predecessor-version":[{"id":9806,"href":"https:\/\/agteks.com\/tr\/wp-json\/wp\/v2\/pages\/8542\/revisions\/9806"}],"wp:attachment":[{"href":"https:\/\/agteks.com\/tr\/wp-json\/wp\/v2\/media?parent=8542"}],"curies":[{"name":"wp","href":"https:\/\/api.w.org\/{rel}","templated":true}]}}