{"id":8581,"date":"2021-08-06T17:52:03","date_gmt":"2021-08-06T14:52:03","guid":{"rendered":"http:\/\/www.agteks.com\/tr\/?page_id=8581"},"modified":"2021-10-27T11:49:08","modified_gmt":"2021-10-27T08:49:08","slug":"iplik-kalite-kontrol-teknolojisi","status":"publish","type":"page","link":"https:\/\/agteks.com\/tr\/iplik-kalite-kontrol-teknolojisi\/","title":{"rendered":"\u0130plik Kalite Kontrol Teknolojisi"},"content":{"rendered":"<section class=\"l-section wpb_row height_small\"><div class=\"l-section-h i-cf\"><div class=\"g-cols via_flex valign_top type_default\"><div class=\"vc_col-sm-12 wpb_column vc_column_container\"><div class=\"vc_column-inner\"><div class=\"wpb_wrapper\"><div class=\"wpb_text_column\"><div class=\"wpb_wrapper\"><p><img loading=\"lazy\" decoding=\"async\" class=\" wp-image-9647 alignleft\" src=\"http:\/\/www.agteks.com\/tr\/wp-content\/uploads\/2021\/10\/dtex-calculation-and-analog-signal-300x173.jpg\" alt=\"\" width=\"475\" height=\"274\" srcset=\"https:\/\/agteks.com\/tr\/wp-content\/uploads\/2021\/10\/dtex-calculation-and-analog-signal-300x173.jpg 300w, https:\/\/agteks.com\/tr\/wp-content\/uploads\/2021\/10\/dtex-calculation-and-analog-signal.jpg 685w\" sizes=\"auto, (max-width: 475px) 100vw, 475px\" \/>Kuma\u015f\u0131n hammaddesi ipliktir. \u0130plik ise lifler bir araya getirilerek olu\u015fturulmaktad\u0131r. Dolay\u0131s\u0131yla ipli\u011fin kalitesi ve sa\u011flaml\u0131\u011f\u0131 do\u011frudan liflerin \u00f6zelliklerine ba\u011fl\u0131d\u0131r.<\/p>\n<p>\u0130plik \u00fczerindeki hatalar\u0131n giderilmesi i\u00e7in d\u00fczg\u00fcns\u00fczl\u00fck kontrol\u00fcn\u00fcn yap\u0131lmas\u0131 gerekir.<\/p>\n<p>\u0130plik \u00fczerinde meydana gelecek d\u00fczg\u00fcns\u00fczl\u00fck; dokuma, \u00f6rme, boyama, terbiye ve haz\u0131r giyimde ortaya \u00e7\u0131kar. Bu hatalar, sonraki i\u015flem kademelerinde giderilemez. Bu nedenlerden dolay\u0131 iplik \u00fcretim a\u015famas\u0131nda iken d\u00fczg\u00fcns\u00fczl\u00fck kontrollerinin mutlaka yap\u0131lmas\u0131 gerekir.<\/p>\n<p>\u00dcretilen ipli\u011fin \u00e7e\u015fidine, kalitesine ve tipine g\u00f6re TSE, ASTM, ISO ve d\u00fczg\u00fcns\u00fczl\u00fck istatistik de\u011ferleri ile ipli\u011fin kalitesi tespit edilir.<\/p>\n<p>\u0130plik kalite kontrol sistemlerinde nispeten insan fakt\u00f6r\u00fc daha az olmak ile, cihaz \u00fcreticileri yo\u011funla\u015ft\u0131klar\u0131 \u00fcretim ile ilgili kalite kontroller yapan ek \u00fcniteler sunmaktad\u0131r.<\/p>\n<p>A\u011fteks olarak geli\u015ftirmi\u015f oldu\u011fumuz optik tarama sistemleri sayesinde farkl\u0131 iplik kalite hatalar\u0131n\u0131, ayn\u0131 anda yakalayacak sistemler geli\u015ftirerek, bir arada sunma taraf\u0131na yo\u011funla\u015fm\u0131\u015ft\u0131r. Bu sayede iplik \u00fcreticilerinin beklentilerine tek seferde \u00e7\u00f6z\u00fcm \u00fcreterek ilgili \u00fcretimler de konfor sa\u011flama yolunu benimsemi\u015ftir.<\/p>\n<\/div><\/div><\/div><\/div><\/div><\/div><\/div><\/section>\n","protected":false},"excerpt":{"rendered":"Kuma\u015f\u0131n hammaddesi ipliktir. \u0130plik ise lifler bir araya getirilerek olu\u015fturulmaktad\u0131r. Dolay\u0131s\u0131yla ipli\u011fin kalitesi ve sa\u011flaml\u0131\u011f\u0131 do\u011frudan liflerin \u00f6zelliklerine ba\u011fl\u0131d\u0131r. \u0130plik \u00fczerindeki hatalar\u0131n giderilmesi i\u00e7in d\u00fczg\u00fcns\u00fczl\u00fck kontrol\u00fcn\u00fcn yap\u0131lmas\u0131 gerekir. \u0130plik \u00fczerinde meydana gelecek d\u00fczg\u00fcns\u00fczl\u00fck; dokuma, \u00f6rme, boyama, terbiye ve haz\u0131r giyimde ortaya \u00e7\u0131kar. Bu hatalar, sonraki i\u015flem kademelerinde giderilemez. Bu nedenlerden dolay\u0131 iplik \u00fcretim a\u015famas\u0131nda iken...","protected":false},"author":1,"featured_media":0,"parent":0,"menu_order":0,"comment_status":"closed","ping_status":"closed","template":"","meta":{"footnotes":""},"class_list":["post-8581","page","type-page","status-publish","hentry"],"acf":[],"yoast_head":"<!-- This site is optimized with the Yoast SEO plugin v18.1 - https:\/\/yoast.com\/wordpress\/plugins\/seo\/ -->\n<title>\u0130plik Kalite Kontrol Teknolojisi | Agteks<\/title>\n<meta name=\"robots\" content=\"index, follow, max-snippet:-1, max-image-preview:large, max-video-preview:-1\" \/>\n<link rel=\"canonical\" href=\"https:\/\/agteks.com\/tr\/iplik-kalite-kontrol-teknolojisi\/\" \/>\n<meta property=\"og:locale\" content=\"tr_TR\" \/>\n<meta property=\"og:type\" content=\"article\" \/>\n<meta property=\"og:title\" content=\"\u0130plik Kalite Kontrol Teknolojisi | Agteks\" \/>\n<meta property=\"og:url\" content=\"https:\/\/agteks.com\/tr\/iplik-kalite-kontrol-teknolojisi\/\" \/>\n<meta property=\"og:site_name\" content=\"Agteks\" \/>\n<meta property=\"article:modified_time\" content=\"2021-10-27T08:49:08+00:00\" \/>\n<meta property=\"og:image\" content=\"http:\/\/www.agteks.com\/tr\/wp-content\/uploads\/2021\/10\/dtex-calculation-and-analog-signal-300x173.jpg\" \/>\n<meta name=\"twitter:card\" content=\"summary_large_image\" \/>\n<meta name=\"twitter:label1\" content=\"Tahmini okuma s\u00fcresi\" \/>\n\t<meta name=\"twitter:data1\" content=\"1 dakika\" \/>\n<script type=\"application\/ld+json\" class=\"yoast-schema-graph\">{\"@context\":\"https:\/\/schema.org\",\"@graph\":[{\"@type\":\"Organization\",\"@id\":\"https:\/\/agteks.com\/tr\/#organization\",\"name\":\"Agteks\",\"url\":\"https:\/\/agteks.com\/tr\/\",\"sameAs\":[],\"logo\":{\"@type\":\"ImageObject\",\"@id\":\"https:\/\/agteks.com\/tr\/#logo\",\"inLanguage\":\"tr\",\"url\":\"http:\/\/agteks.com\/tr\/wp-content\/uploads\/2021\/07\/logo.jpg\",\"contentUrl\":\"http:\/\/agteks.com\/tr\/wp-content\/uploads\/2021\/07\/logo.jpg\",\"width\":1000,\"height\":667,\"caption\":\"Agteks\"},\"image\":{\"@id\":\"https:\/\/agteks.com\/tr\/#logo\"}},{\"@type\":\"WebSite\",\"@id\":\"https:\/\/agteks.com\/tr\/#website\",\"url\":\"https:\/\/agteks.com\/tr\/\",\"name\":\"Agteks\",\"description\":\"\",\"publisher\":{\"@id\":\"https:\/\/agteks.com\/tr\/#organization\"},\"potentialAction\":[{\"@type\":\"SearchAction\",\"target\":{\"@type\":\"EntryPoint\",\"urlTemplate\":\"https:\/\/agteks.com\/tr\/?s={search_term_string}\"},\"query-input\":\"required name=search_term_string\"}],\"inLanguage\":\"tr\"},{\"@type\":\"ImageObject\",\"@id\":\"https:\/\/agteks.com\/tr\/iplik-kalite-kontrol-teknolojisi\/#primaryimage\",\"inLanguage\":\"tr\",\"url\":\"http:\/\/www.agteks.com\/tr\/wp-content\/uploads\/2021\/10\/dtex-calculation-and-analog-signal-300x173.jpg\",\"contentUrl\":\"http:\/\/www.agteks.com\/tr\/wp-content\/uploads\/2021\/10\/dtex-calculation-and-analog-signal-300x173.jpg\"},{\"@type\":\"WebPage\",\"@id\":\"https:\/\/agteks.com\/tr\/iplik-kalite-kontrol-teknolojisi\/#webpage\",\"url\":\"https:\/\/agteks.com\/tr\/iplik-kalite-kontrol-teknolojisi\/\",\"name\":\"\u0130plik Kalite Kontrol Teknolojisi | Agteks\",\"isPartOf\":{\"@id\":\"https:\/\/agteks.com\/tr\/#website\"},\"primaryImageOfPage\":{\"@id\":\"https:\/\/agteks.com\/tr\/iplik-kalite-kontrol-teknolojisi\/#primaryimage\"},\"datePublished\":\"2021-08-06T14:52:03+00:00\",\"dateModified\":\"2021-10-27T08:49:08+00:00\",\"breadcrumb\":{\"@id\":\"https:\/\/agteks.com\/tr\/iplik-kalite-kontrol-teknolojisi\/#breadcrumb\"},\"inLanguage\":\"tr\",\"potentialAction\":[{\"@type\":\"ReadAction\",\"target\":[\"https:\/\/agteks.com\/tr\/iplik-kalite-kontrol-teknolojisi\/\"]}]},{\"@type\":\"BreadcrumbList\",\"@id\":\"https:\/\/agteks.com\/tr\/iplik-kalite-kontrol-teknolojisi\/#breadcrumb\",\"itemListElement\":[{\"@type\":\"ListItem\",\"position\":1,\"name\":\"Anasayfa\",\"item\":\"https:\/\/agteks.com\/tr\/\"},{\"@type\":\"ListItem\",\"position\":2,\"name\":\"\u0130plik Kalite Kontrol Teknolojisi\"}]}]}<\/script>\n<!-- \/ Yoast SEO plugin. -->","yoast_head_json":{"title":"\u0130plik Kalite Kontrol Teknolojisi | Agteks","robots":{"index":"index","follow":"follow","max-snippet":"max-snippet:-1","max-image-preview":"max-image-preview:large","max-video-preview":"max-video-preview:-1"},"canonical":"https:\/\/agteks.com\/tr\/iplik-kalite-kontrol-teknolojisi\/","og_locale":"tr_TR","og_type":"article","og_title":"\u0130plik Kalite Kontrol Teknolojisi | Agteks","og_url":"https:\/\/agteks.com\/tr\/iplik-kalite-kontrol-teknolojisi\/","og_site_name":"Agteks","article_modified_time":"2021-10-27T08:49:08+00:00","og_image":[{"url":"http:\/\/www.agteks.com\/tr\/wp-content\/uploads\/2021\/10\/dtex-calculation-and-analog-signal-300x173.jpg"}],"twitter_card":"summary_large_image","twitter_misc":{"Tahmini okuma s\u00fcresi":"1 dakika"},"schema":{"@context":"https:\/\/schema.org","@graph":[{"@type":"Organization","@id":"https:\/\/agteks.com\/tr\/#organization","name":"Agteks","url":"https:\/\/agteks.com\/tr\/","sameAs":[],"logo":{"@type":"ImageObject","@id":"https:\/\/agteks.com\/tr\/#logo","inLanguage":"tr","url":"http:\/\/agteks.com\/tr\/wp-content\/uploads\/2021\/07\/logo.jpg","contentUrl":"http:\/\/agteks.com\/tr\/wp-content\/uploads\/2021\/07\/logo.jpg","width":1000,"height":667,"caption":"Agteks"},"image":{"@id":"https:\/\/agteks.com\/tr\/#logo"}},{"@type":"WebSite","@id":"https:\/\/agteks.com\/tr\/#website","url":"https:\/\/agteks.com\/tr\/","name":"Agteks","description":"","publisher":{"@id":"https:\/\/agteks.com\/tr\/#organization"},"potentialAction":[{"@type":"SearchAction","target":{"@type":"EntryPoint","urlTemplate":"https:\/\/agteks.com\/tr\/?s={search_term_string}"},"query-input":"required name=search_term_string"}],"inLanguage":"tr"},{"@type":"ImageObject","@id":"https:\/\/agteks.com\/tr\/iplik-kalite-kontrol-teknolojisi\/#primaryimage","inLanguage":"tr","url":"http:\/\/www.agteks.com\/tr\/wp-content\/uploads\/2021\/10\/dtex-calculation-and-analog-signal-300x173.jpg","contentUrl":"http:\/\/www.agteks.com\/tr\/wp-content\/uploads\/2021\/10\/dtex-calculation-and-analog-signal-300x173.jpg"},{"@type":"WebPage","@id":"https:\/\/agteks.com\/tr\/iplik-kalite-kontrol-teknolojisi\/#webpage","url":"https:\/\/agteks.com\/tr\/iplik-kalite-kontrol-teknolojisi\/","name":"\u0130plik Kalite Kontrol Teknolojisi | Agteks","isPartOf":{"@id":"https:\/\/agteks.com\/tr\/#website"},"primaryImageOfPage":{"@id":"https:\/\/agteks.com\/tr\/iplik-kalite-kontrol-teknolojisi\/#primaryimage"},"datePublished":"2021-08-06T14:52:03+00:00","dateModified":"2021-10-27T08:49:08+00:00","breadcrumb":{"@id":"https:\/\/agteks.com\/tr\/iplik-kalite-kontrol-teknolojisi\/#breadcrumb"},"inLanguage":"tr","potentialAction":[{"@type":"ReadAction","target":["https:\/\/agteks.com\/tr\/iplik-kalite-kontrol-teknolojisi\/"]}]},{"@type":"BreadcrumbList","@id":"https:\/\/agteks.com\/tr\/iplik-kalite-kontrol-teknolojisi\/#breadcrumb","itemListElement":[{"@type":"ListItem","position":1,"name":"Anasayfa","item":"https:\/\/agteks.com\/tr\/"},{"@type":"ListItem","position":2,"name":"\u0130plik Kalite Kontrol Teknolojisi"}]}]}},"_links":{"self":[{"href":"https:\/\/agteks.com\/tr\/wp-json\/wp\/v2\/pages\/8581","targetHints":{"allow":["GET"]}}],"collection":[{"href":"https:\/\/agteks.com\/tr\/wp-json\/wp\/v2\/pages"}],"about":[{"href":"https:\/\/agteks.com\/tr\/wp-json\/wp\/v2\/types\/page"}],"author":[{"embeddable":true,"href":"https:\/\/agteks.com\/tr\/wp-json\/wp\/v2\/users\/1"}],"replies":[{"embeddable":true,"href":"https:\/\/agteks.com\/tr\/wp-json\/wp\/v2\/comments?post=8581"}],"version-history":[{"count":4,"href":"https:\/\/agteks.com\/tr\/wp-json\/wp\/v2\/pages\/8581\/revisions"}],"predecessor-version":[{"id":9648,"href":"https:\/\/agteks.com\/tr\/wp-json\/wp\/v2\/pages\/8581\/revisions\/9648"}],"wp:attachment":[{"href":"https:\/\/agteks.com\/tr\/wp-json\/wp\/v2\/media?parent=8581"}],"curies":[{"name":"wp","href":"https:\/\/api.w.org\/{rel}","templated":true}]}}