{"id":8583,"date":"2021-08-06T17:52:17","date_gmt":"2021-08-06T14:52:17","guid":{"rendered":"http:\/\/www.agteks.com\/tr\/?page_id=8583"},"modified":"2021-11-04T16:42:30","modified_gmt":"2021-11-04T13:42:30","slug":"uretim-hesaplayici","status":"publish","type":"page","link":"https:\/\/agteks.com\/tr\/uretim-hesaplayici\/","title":{"rendered":"\u00dcretim Hesaplay\u0131c\u0131"},"content":{"rendered":"<section class=\"l-section wpb_row hesaplayazifont height_small\"><div class=\"l-section-h i-cf\"><div class=\"g-cols via_flex valign_top type_default\"><div class=\"vc_col-sm-12 wpb_column vc_column_container\"><div class=\"vc_column-inner\"><div class=\"wpb_wrapper\"><div class=\"wpb_text_column hesaplayazifont\"><div class=\"wpb_wrapper\"><p><center><iframe loading=\"lazy\" src=\"http:\/\/www.agteks.com\/tr\/kodlar\/dt_calculation.html\" name=\"frame1\" width=\"100%\" height=\"1080px\" frameborder=\"no\" scrolling=\"auto\" align=\"center\"><br \/>\n<\/iframe><\/center><\/p>\n<\/div><\/div><\/div><\/div><\/div><\/div><\/div><\/section>\n","protected":false},"excerpt":{"rendered":"","protected":false},"author":1,"featured_media":0,"parent":0,"menu_order":0,"comment_status":"closed","ping_status":"closed","template":"","meta":{"footnotes":""},"class_list":["post-8583","page","type-page","status-publish","hentry"],"acf":[],"yoast_head":"<!-- This site is optimized with the Yoast SEO plugin v18.1 - https:\/\/yoast.com\/wordpress\/plugins\/seo\/ -->\n<title>\u00dcretim Hesaplay\u0131c\u0131 | Agteks<\/title>\n<meta name=\"robots\" content=\"index, follow, max-snippet:-1, max-image-preview:large, max-video-preview:-1\" \/>\n<link rel=\"canonical\" href=\"https:\/\/agteks.com\/tr\/uretim-hesaplayici\/\" \/>\n<meta property=\"og:locale\" content=\"tr_TR\" \/>\n<meta property=\"og:type\" content=\"article\" \/>\n<meta property=\"og:title\" content=\"\u00dcretim Hesaplay\u0131c\u0131 | Agteks\" \/>\n<meta property=\"og:url\" content=\"https:\/\/agteks.com\/tr\/uretim-hesaplayici\/\" \/>\n<meta property=\"og:site_name\" content=\"Agteks\" \/>\n<meta property=\"article:modified_time\" content=\"2021-11-04T13:42:30+00:00\" \/>\n<meta name=\"twitter:card\" content=\"summary_large_image\" \/>\n<script type=\"application\/ld+json\" class=\"yoast-schema-graph\">{\"@context\":\"https:\/\/schema.org\",\"@graph\":[{\"@type\":\"Organization\",\"@id\":\"https:\/\/agteks.com\/tr\/#organization\",\"name\":\"Agteks\",\"url\":\"https:\/\/agteks.com\/tr\/\",\"sameAs\":[],\"logo\":{\"@type\":\"ImageObject\",\"@id\":\"https:\/\/agteks.com\/tr\/#logo\",\"inLanguage\":\"tr\",\"url\":\"http:\/\/agteks.com\/tr\/wp-content\/uploads\/2021\/07\/logo.jpg\",\"contentUrl\":\"http:\/\/agteks.com\/tr\/wp-content\/uploads\/2021\/07\/logo.jpg\",\"width\":1000,\"height\":667,\"caption\":\"Agteks\"},\"image\":{\"@id\":\"https:\/\/agteks.com\/tr\/#logo\"}},{\"@type\":\"WebSite\",\"@id\":\"https:\/\/agteks.com\/tr\/#website\",\"url\":\"https:\/\/agteks.com\/tr\/\",\"name\":\"Agteks\",\"description\":\"\",\"publisher\":{\"@id\":\"https:\/\/agteks.com\/tr\/#organization\"},\"potentialAction\":[{\"@type\":\"SearchAction\",\"target\":{\"@type\":\"EntryPoint\",\"urlTemplate\":\"https:\/\/agteks.com\/tr\/?s={search_term_string}\"},\"query-input\":\"required name=search_term_string\"}],\"inLanguage\":\"tr\"},{\"@type\":\"WebPage\",\"@id\":\"https:\/\/agteks.com\/tr\/uretim-hesaplayici\/#webpage\",\"url\":\"https:\/\/agteks.com\/tr\/uretim-hesaplayici\/\",\"name\":\"\u00dcretim Hesaplay\u0131c\u0131 | Agteks\",\"isPartOf\":{\"@id\":\"https:\/\/agteks.com\/tr\/#website\"},\"datePublished\":\"2021-08-06T14:52:17+00:00\",\"dateModified\":\"2021-11-04T13:42:30+00:00\",\"breadcrumb\":{\"@id\":\"https:\/\/agteks.com\/tr\/uretim-hesaplayici\/#breadcrumb\"},\"inLanguage\":\"tr\",\"potentialAction\":[{\"@type\":\"ReadAction\",\"target\":[\"https:\/\/agteks.com\/tr\/uretim-hesaplayici\/\"]}]},{\"@type\":\"BreadcrumbList\",\"@id\":\"https:\/\/agteks.com\/tr\/uretim-hesaplayici\/#breadcrumb\",\"itemListElement\":[{\"@type\":\"ListItem\",\"position\":1,\"name\":\"Anasayfa\",\"item\":\"https:\/\/agteks.com\/tr\/\"},{\"@type\":\"ListItem\",\"position\":2,\"name\":\"\u00dcretim Hesaplay\u0131c\u0131\"}]}]}<\/script>\n<!-- \/ Yoast SEO plugin. -->","yoast_head_json":{"title":"\u00dcretim Hesaplay\u0131c\u0131 | Agteks","robots":{"index":"index","follow":"follow","max-snippet":"max-snippet:-1","max-image-preview":"max-image-preview:large","max-video-preview":"max-video-preview:-1"},"canonical":"https:\/\/agteks.com\/tr\/uretim-hesaplayici\/","og_locale":"tr_TR","og_type":"article","og_title":"\u00dcretim Hesaplay\u0131c\u0131 | Agteks","og_url":"https:\/\/agteks.com\/tr\/uretim-hesaplayici\/","og_site_name":"Agteks","article_modified_time":"2021-11-04T13:42:30+00:00","twitter_card":"summary_large_image","schema":{"@context":"https:\/\/schema.org","@graph":[{"@type":"Organization","@id":"https:\/\/agteks.com\/tr\/#organization","name":"Agteks","url":"https:\/\/agteks.com\/tr\/","sameAs":[],"logo":{"@type":"ImageObject","@id":"https:\/\/agteks.com\/tr\/#logo","inLanguage":"tr","url":"http:\/\/agteks.com\/tr\/wp-content\/uploads\/2021\/07\/logo.jpg","contentUrl":"http:\/\/agteks.com\/tr\/wp-content\/uploads\/2021\/07\/logo.jpg","width":1000,"height":667,"caption":"Agteks"},"image":{"@id":"https:\/\/agteks.com\/tr\/#logo"}},{"@type":"WebSite","@id":"https:\/\/agteks.com\/tr\/#website","url":"https:\/\/agteks.com\/tr\/","name":"Agteks","description":"","publisher":{"@id":"https:\/\/agteks.com\/tr\/#organization"},"potentialAction":[{"@type":"SearchAction","target":{"@type":"EntryPoint","urlTemplate":"https:\/\/agteks.com\/tr\/?s={search_term_string}"},"query-input":"required name=search_term_string"}],"inLanguage":"tr"},{"@type":"WebPage","@id":"https:\/\/agteks.com\/tr\/uretim-hesaplayici\/#webpage","url":"https:\/\/agteks.com\/tr\/uretim-hesaplayici\/","name":"\u00dcretim Hesaplay\u0131c\u0131 | Agteks","isPartOf":{"@id":"https:\/\/agteks.com\/tr\/#website"},"datePublished":"2021-08-06T14:52:17+00:00","dateModified":"2021-11-04T13:42:30+00:00","breadcrumb":{"@id":"https:\/\/agteks.com\/tr\/uretim-hesaplayici\/#breadcrumb"},"inLanguage":"tr","potentialAction":[{"@type":"ReadAction","target":["https:\/\/agteks.com\/tr\/uretim-hesaplayici\/"]}]},{"@type":"BreadcrumbList","@id":"https:\/\/agteks.com\/tr\/uretim-hesaplayici\/#breadcrumb","itemListElement":[{"@type":"ListItem","position":1,"name":"Anasayfa","item":"https:\/\/agteks.com\/tr\/"},{"@type":"ListItem","position":2,"name":"\u00dcretim Hesaplay\u0131c\u0131"}]}]}},"_links":{"self":[{"href":"https:\/\/agteks.com\/tr\/wp-json\/wp\/v2\/pages\/8583","targetHints":{"allow":["GET"]}}],"collection":[{"href":"https:\/\/agteks.com\/tr\/wp-json\/wp\/v2\/pages"}],"about":[{"href":"https:\/\/agteks.com\/tr\/wp-json\/wp\/v2\/types\/page"}],"author":[{"embeddable":true,"href":"https:\/\/agteks.com\/tr\/wp-json\/wp\/v2\/users\/1"}],"replies":[{"embeddable":true,"href":"https:\/\/agteks.com\/tr\/wp-json\/wp\/v2\/comments?post=8583"}],"version-history":[{"count":10,"href":"https:\/\/agteks.com\/tr\/wp-json\/wp\/v2\/pages\/8583\/revisions"}],"predecessor-version":[{"id":9524,"href":"https:\/\/agteks.com\/tr\/wp-json\/wp\/v2\/pages\/8583\/revisions\/9524"}],"wp:attachment":[{"href":"https:\/\/agteks.com\/tr\/wp-json\/wp\/v2\/media?parent=8583"}],"curies":[{"name":"wp","href":"https:\/\/api.w.org\/{rel}","templated":true}]}}