{"id":8711,"date":"2021-08-09T17:40:04","date_gmt":"2021-08-09T14:40:04","guid":{"rendered":"http:\/\/www.agteks.com\/tr\/?page_id=8711"},"modified":"2021-10-27T11:51:09","modified_gmt":"2021-10-27T08:51:09","slug":"surdurulebilirlik","status":"publish","type":"page","link":"https:\/\/agteks.com\/tr\/surdurulebilirlik\/","title":{"rendered":"S\u00fcrd\u00fcr\u00fclebilirlik"},"content":{"rendered":"<section class=\"l-section wpb_row height_custom\"><div class=\"l-section-h i-cf\"><div class=\"g-cols via_flex valign_top type_default\"><div class=\"vc_col-sm-12 wpb_column vc_column_container\"><div class=\"vc_column-inner\"><div class=\"wpb_wrapper\"><div class=\"wpb_text_column\"><div class=\"wpb_wrapper\"><p><img loading=\"lazy\" decoding=\"async\" class=\" wp-image-9649 alignright\" src=\"http:\/\/www.agteks.com\/tr\/wp-content\/uploads\/2021\/10\/pamuk-300x194.jpg\" alt=\"\" width=\"458\" height=\"296\" srcset=\"https:\/\/agteks.com\/tr\/wp-content\/uploads\/2021\/10\/pamuk-300x194.jpg 300w, https:\/\/agteks.com\/tr\/wp-content\/uploads\/2021\/10\/pamuk.jpg 768w\" sizes=\"auto, (max-width: 458px) 100vw, 458px\" \/>A\u011fteks 1992\u2019de ba\u015flad\u0131\u011f\u0131 yolculu\u011funa B\u00fck\u00fcm\/Kaplama makineleri ile devam etmi\u015ftir. \u015euanda 70\u2019den fazla \u00fclkede binlerce makinesi ile hizmet veren\u00a0A\u011fteks sadece tekstil sekt\u00f6r\u00fc de\u011fil ayn\u0131 zamanda, otomotiv, medikal, in\u015faat, e\u011fitim, uzay, havac\u0131l\u0131k, kimya, savunma sanayi sekt\u00f6rlerine de hizmet vermektedir. Bu sekt\u00f6rlerde A\u011fteks\u2019in \u00fcr\u00fcnleri ile yap\u0131lan ARGE \u00e7al\u0131\u015fmalar\u0131 ile, \u00e7evre kirlili\u011finin azalt\u0131lmas\u0131, g\u00fcvenlik ve sa\u011fl\u0131k alanlar\u0131nda geli\u015ftirme, ekonominin iyile\u015ftirilmesi konular\u0131na \u00f6nemli katk\u0131lar sa\u011flanmaktad\u0131r.<\/p>\n<p>Son y\u0131llarda \u00f6nemi gittik\u00e7e artan ve geli\u015ftirme \u00e7al\u0131\u015fmalar\u0131 h\u0131zlanan Ak\u0131ll\u0131 Tekstil ve Teknik tekstile y\u00f6nelik makineleri ile gelecekte \u00e7\u0131kacak yeni \u00fcr\u00fcnlere ve teknolojilere y\u00f6n vermeye devam etmektedir. Teknik tekstil sekt\u00f6r\u00fc i\u00e7in olduk\u00e7a \u00f6nemli olan karbon, cam, metal, aramid ipliklerini maksimum verimlikle, s\u0131f\u0131r s\u00fcrt\u00fcnmeyle b\u00fck\u00fcm ve kaplama i\u015fleminin yap\u0131labilmesini sa\u011flamaktad\u0131r.<\/p>\n<p>A\u011fteks, geli\u015ftirdi\u011fi ve \u00fcretti\u011fi, iplik b\u00fck\u00fcm\/kaplama makineleri ve online kalite kontrol sistemleri ile End\u00fcstri 4.0\u2019a uygun gelece\u011fin tekstil teknolojilerine \u00f6nc\u00fcl\u00fck etmeyi ama\u00e7lam\u0131\u015ft\u0131r. G\u00fcn\u00fcm\u00fczde tekstil \u00fcretim s\u00fcre\u00e7lerinde israf olan su, boya maddesi, kuma\u015f, iplik vb. tekstil \u00fcretiminde kullan\u0131lan malzemeler yada nihai \u00fcr\u00fcnlerin kendilerini, ak\u0131ll\u0131 kalite kontrol taray\u0131c\u0131lar\u0131 ve sens\u00f6rleri ile olduk\u00e7a azaltm\u0131\u015ft\u0131r. \u00c7evreye daha az at\u0131k, enerjinin daha verimli kullan\u0131lmas\u0131, \u00fcretimden maksimumu edinme parolas\u0131yla yola \u00e7\u0131kan A\u011fteks s\u00fcrd\u00fcr\u00fclebilirlik konusunda ilerledi\u011fi stratejiyi devam ettirmektedir.<\/p>\n<\/div><\/div><\/div><\/div><\/div><\/div><\/div><\/section>\n","protected":false},"excerpt":{"rendered":"A\u011fteks 1992\u2019de ba\u015flad\u0131\u011f\u0131 yolculu\u011funa B\u00fck\u00fcm\/Kaplama makineleri ile devam etmi\u015ftir. \u015euanda 70\u2019den fazla \u00fclkede binlerce makinesi ile hizmet veren\u00a0A\u011fteks sadece tekstil sekt\u00f6r\u00fc de\u011fil ayn\u0131 zamanda, otomotiv, medikal, in\u015faat, e\u011fitim, uzay, havac\u0131l\u0131k, kimya, savunma sanayi sekt\u00f6rlerine de hizmet vermektedir. Bu sekt\u00f6rlerde A\u011fteks\u2019in \u00fcr\u00fcnleri ile yap\u0131lan ARGE \u00e7al\u0131\u015fmalar\u0131 ile, \u00e7evre kirlili\u011finin azalt\u0131lmas\u0131, g\u00fcvenlik ve sa\u011fl\u0131k alanlar\u0131nda geli\u015ftirme, ekonominin...","protected":false},"author":1,"featured_media":0,"parent":0,"menu_order":0,"comment_status":"closed","ping_status":"closed","template":"","meta":{"footnotes":""},"class_list":["post-8711","page","type-page","status-publish","hentry"],"acf":[],"yoast_head":"<!-- This site is optimized with the Yoast SEO plugin v18.1 - https:\/\/yoast.com\/wordpress\/plugins\/seo\/ -->\n<title>S\u00fcrd\u00fcr\u00fclebilirlik | Agteks<\/title>\n<meta name=\"robots\" content=\"index, follow, max-snippet:-1, max-image-preview:large, max-video-preview:-1\" \/>\n<link rel=\"canonical\" href=\"https:\/\/agteks.com\/tr\/surdurulebilirlik\/\" \/>\n<meta property=\"og:locale\" content=\"tr_TR\" \/>\n<meta property=\"og:type\" content=\"article\" \/>\n<meta property=\"og:title\" content=\"S\u00fcrd\u00fcr\u00fclebilirlik | Agteks\" \/>\n<meta property=\"og:url\" content=\"https:\/\/agteks.com\/tr\/surdurulebilirlik\/\" \/>\n<meta property=\"og:site_name\" content=\"Agteks\" \/>\n<meta property=\"article:modified_time\" content=\"2021-10-27T08:51:09+00:00\" \/>\n<meta property=\"og:image\" content=\"http:\/\/www.agteks.com\/tr\/wp-content\/uploads\/2021\/10\/pamuk-300x194.jpg\" \/>\n<meta name=\"twitter:card\" content=\"summary_large_image\" \/>\n<meta name=\"twitter:label1\" content=\"Tahmini okuma s\u00fcresi\" \/>\n\t<meta name=\"twitter:data1\" content=\"1 dakika\" \/>\n<script type=\"application\/ld+json\" class=\"yoast-schema-graph\">{\"@context\":\"https:\/\/schema.org\",\"@graph\":[{\"@type\":\"Organization\",\"@id\":\"https:\/\/agteks.com\/tr\/#organization\",\"name\":\"Agteks\",\"url\":\"https:\/\/agteks.com\/tr\/\",\"sameAs\":[],\"logo\":{\"@type\":\"ImageObject\",\"@id\":\"https:\/\/agteks.com\/tr\/#logo\",\"inLanguage\":\"tr\",\"url\":\"http:\/\/agteks.com\/tr\/wp-content\/uploads\/2021\/07\/logo.jpg\",\"contentUrl\":\"http:\/\/agteks.com\/tr\/wp-content\/uploads\/2021\/07\/logo.jpg\",\"width\":1000,\"height\":667,\"caption\":\"Agteks\"},\"image\":{\"@id\":\"https:\/\/agteks.com\/tr\/#logo\"}},{\"@type\":\"WebSite\",\"@id\":\"https:\/\/agteks.com\/tr\/#website\",\"url\":\"https:\/\/agteks.com\/tr\/\",\"name\":\"Agteks\",\"description\":\"\",\"publisher\":{\"@id\":\"https:\/\/agteks.com\/tr\/#organization\"},\"potentialAction\":[{\"@type\":\"SearchAction\",\"target\":{\"@type\":\"EntryPoint\",\"urlTemplate\":\"https:\/\/agteks.com\/tr\/?s={search_term_string}\"},\"query-input\":\"required name=search_term_string\"}],\"inLanguage\":\"tr\"},{\"@type\":\"ImageObject\",\"@id\":\"https:\/\/agteks.com\/tr\/surdurulebilirlik\/#primaryimage\",\"inLanguage\":\"tr\",\"url\":\"http:\/\/www.agteks.com\/tr\/wp-content\/uploads\/2021\/10\/pamuk-300x194.jpg\",\"contentUrl\":\"http:\/\/www.agteks.com\/tr\/wp-content\/uploads\/2021\/10\/pamuk-300x194.jpg\"},{\"@type\":\"WebPage\",\"@id\":\"https:\/\/agteks.com\/tr\/surdurulebilirlik\/#webpage\",\"url\":\"https:\/\/agteks.com\/tr\/surdurulebilirlik\/\",\"name\":\"S\u00fcrd\u00fcr\u00fclebilirlik | Agteks\",\"isPartOf\":{\"@id\":\"https:\/\/agteks.com\/tr\/#website\"},\"primaryImageOfPage\":{\"@id\":\"https:\/\/agteks.com\/tr\/surdurulebilirlik\/#primaryimage\"},\"datePublished\":\"2021-08-09T14:40:04+00:00\",\"dateModified\":\"2021-10-27T08:51:09+00:00\",\"breadcrumb\":{\"@id\":\"https:\/\/agteks.com\/tr\/surdurulebilirlik\/#breadcrumb\"},\"inLanguage\":\"tr\",\"potentialAction\":[{\"@type\":\"ReadAction\",\"target\":[\"https:\/\/agteks.com\/tr\/surdurulebilirlik\/\"]}]},{\"@type\":\"BreadcrumbList\",\"@id\":\"https:\/\/agteks.com\/tr\/surdurulebilirlik\/#breadcrumb\",\"itemListElement\":[{\"@type\":\"ListItem\",\"position\":1,\"name\":\"Anasayfa\",\"item\":\"https:\/\/agteks.com\/tr\/\"},{\"@type\":\"ListItem\",\"position\":2,\"name\":\"S\u00fcrd\u00fcr\u00fclebilirlik\"}]}]}<\/script>\n<!-- \/ Yoast SEO plugin. -->","yoast_head_json":{"title":"S\u00fcrd\u00fcr\u00fclebilirlik | Agteks","robots":{"index":"index","follow":"follow","max-snippet":"max-snippet:-1","max-image-preview":"max-image-preview:large","max-video-preview":"max-video-preview:-1"},"canonical":"https:\/\/agteks.com\/tr\/surdurulebilirlik\/","og_locale":"tr_TR","og_type":"article","og_title":"S\u00fcrd\u00fcr\u00fclebilirlik | Agteks","og_url":"https:\/\/agteks.com\/tr\/surdurulebilirlik\/","og_site_name":"Agteks","article_modified_time":"2021-10-27T08:51:09+00:00","og_image":[{"url":"http:\/\/www.agteks.com\/tr\/wp-content\/uploads\/2021\/10\/pamuk-300x194.jpg"}],"twitter_card":"summary_large_image","twitter_misc":{"Tahmini okuma s\u00fcresi":"1 dakika"},"schema":{"@context":"https:\/\/schema.org","@graph":[{"@type":"Organization","@id":"https:\/\/agteks.com\/tr\/#organization","name":"Agteks","url":"https:\/\/agteks.com\/tr\/","sameAs":[],"logo":{"@type":"ImageObject","@id":"https:\/\/agteks.com\/tr\/#logo","inLanguage":"tr","url":"http:\/\/agteks.com\/tr\/wp-content\/uploads\/2021\/07\/logo.jpg","contentUrl":"http:\/\/agteks.com\/tr\/wp-content\/uploads\/2021\/07\/logo.jpg","width":1000,"height":667,"caption":"Agteks"},"image":{"@id":"https:\/\/agteks.com\/tr\/#logo"}},{"@type":"WebSite","@id":"https:\/\/agteks.com\/tr\/#website","url":"https:\/\/agteks.com\/tr\/","name":"Agteks","description":"","publisher":{"@id":"https:\/\/agteks.com\/tr\/#organization"},"potentialAction":[{"@type":"SearchAction","target":{"@type":"EntryPoint","urlTemplate":"https:\/\/agteks.com\/tr\/?s={search_term_string}"},"query-input":"required name=search_term_string"}],"inLanguage":"tr"},{"@type":"ImageObject","@id":"https:\/\/agteks.com\/tr\/surdurulebilirlik\/#primaryimage","inLanguage":"tr","url":"http:\/\/www.agteks.com\/tr\/wp-content\/uploads\/2021\/10\/pamuk-300x194.jpg","contentUrl":"http:\/\/www.agteks.com\/tr\/wp-content\/uploads\/2021\/10\/pamuk-300x194.jpg"},{"@type":"WebPage","@id":"https:\/\/agteks.com\/tr\/surdurulebilirlik\/#webpage","url":"https:\/\/agteks.com\/tr\/surdurulebilirlik\/","name":"S\u00fcrd\u00fcr\u00fclebilirlik | Agteks","isPartOf":{"@id":"https:\/\/agteks.com\/tr\/#website"},"primaryImageOfPage":{"@id":"https:\/\/agteks.com\/tr\/surdurulebilirlik\/#primaryimage"},"datePublished":"2021-08-09T14:40:04+00:00","dateModified":"2021-10-27T08:51:09+00:00","breadcrumb":{"@id":"https:\/\/agteks.com\/tr\/surdurulebilirlik\/#breadcrumb"},"inLanguage":"tr","potentialAction":[{"@type":"ReadAction","target":["https:\/\/agteks.com\/tr\/surdurulebilirlik\/"]}]},{"@type":"BreadcrumbList","@id":"https:\/\/agteks.com\/tr\/surdurulebilirlik\/#breadcrumb","itemListElement":[{"@type":"ListItem","position":1,"name":"Anasayfa","item":"https:\/\/agteks.com\/tr\/"},{"@type":"ListItem","position":2,"name":"S\u00fcrd\u00fcr\u00fclebilirlik"}]}]}},"_links":{"self":[{"href":"https:\/\/agteks.com\/tr\/wp-json\/wp\/v2\/pages\/8711","targetHints":{"allow":["GET"]}}],"collection":[{"href":"https:\/\/agteks.com\/tr\/wp-json\/wp\/v2\/pages"}],"about":[{"href":"https:\/\/agteks.com\/tr\/wp-json\/wp\/v2\/types\/page"}],"author":[{"embeddable":true,"href":"https:\/\/agteks.com\/tr\/wp-json\/wp\/v2\/users\/1"}],"replies":[{"embeddable":true,"href":"https:\/\/agteks.com\/tr\/wp-json\/wp\/v2\/comments?post=8711"}],"version-history":[{"count":5,"href":"https:\/\/agteks.com\/tr\/wp-json\/wp\/v2\/pages\/8711\/revisions"}],"predecessor-version":[{"id":9651,"href":"https:\/\/agteks.com\/tr\/wp-json\/wp\/v2\/pages\/8711\/revisions\/9651"}],"wp:attachment":[{"href":"https:\/\/agteks.com\/tr\/wp-json\/wp\/v2\/media?parent=8711"}],"curies":[{"name":"wp","href":"https:\/\/api.w.org\/{rel}","templated":true}]}}